{"id":92,"date":"2026-02-28T19:55:59","date_gmt":"2026-02-28T18:55:59","guid":{"rendered":"https:\/\/drpedrocoelho.com\/?page_id=92"},"modified":"2026-03-24T09:27:24","modified_gmt":"2026-03-24T09:27:24","slug":"online-dispute-resolution","status":"publish","type":"page","link":"https:\/\/drpedrocoelho.com\/en\/resolucao-de-litigios-online\/","title":{"rendered":"Online dispute resolution"},"content":{"rendered":"<div data-elementor-type=\"wp-page\" data-elementor-id=\"92\" class=\"elementor elementor-92\" data-elementor-post-type=\"page\">\n\t\t\t\t<div class=\"elementor-element elementor-element-e65f131 e-flex e-con-boxed e-con e-parent\" data-id=\"e65f131\" data-element_type=\"container\" data-e-type=\"container\" data-settings=\"{&quot;background_background&quot;:&quot;classic&quot;}\">\n\t\t\t\t\t<div class=\"e-con-inner\">\n\t\t\t\t<div class=\"elementor-element elementor-element-6b577ec elementor-widget elementor-widget-heading\" data-id=\"6b577ec\" data-element_type=\"widget\" data-e-type=\"widget\" data-widget_type=\"heading.default\">\n\t\t\t\t\t<h1 class=\"elementor-heading-title elementor-size-default\">Online dispute resolution<\/h1>\t\t\t\t<\/div>\n\t\t\t\t\t<\/div>\n\t\t\t\t<\/div>\n\t\t<div class=\"elementor-element elementor-element-1abf00f e-flex e-con-boxed e-con e-parent\" data-id=\"1abf00f\" data-element_type=\"container\" data-e-type=\"container\">\n\t\t\t\t\t<div class=\"e-con-inner\">\n\t\t\t\t<div class=\"elementor-element elementor-element-8c7ef87 elementor-widget elementor-widget-heading\" data-id=\"8c7ef87\" data-element_type=\"widget\" data-e-type=\"widget\" data-widget_type=\"heading.default\">\n\t\t\t\t\t<h2 class=\"elementor-heading-title elementor-size-default\">Online dispute resolution<\/h2>\t\t\t\t<\/div>\n\t\t\t\t<div class=\"elementor-element elementor-element-5d8d5ef elementor-widget elementor-widget-text-editor\" data-id=\"5d8d5ef\" data-element_type=\"widget\" data-e-type=\"widget\" data-widget_type=\"text-editor.default\">\n\t\t\t\t\t\t\t\t\t<p>The European Union has set up a website to help consumers submit their complaints about any dispute in which they are involved. In this context, we provide you with all the information you need to exercise your right to complain to an official, third-party, impartial body (\u00abdispute resolution body\u00bb) that will help you resolve the dispute in question.<\/p><p>So, if you are dissatisfied with the purchase of a good or service, or with the solution we have provided to resolve the situation, you can go to this official website\u00a0<a href=\"https:\/\/webgate.ec.europa.eu\/odr\/main\/?event=main.home.show\" target=\"_blank\" rel=\"noopener\">https:\/\/webgate.ec.europa.eu\/odr\/main\/?event=main.home.show<\/a>\u00a0and present their defence.<\/p>\t\t\t\t\t\t\t\t<\/div>\n\t\t\t\t<div class=\"elementor-element elementor-element-744056b elementor-widget elementor-widget-text-editor\" data-id=\"744056b\" data-element_type=\"widget\" data-e-type=\"widget\" data-widget_type=\"text-editor.default\">\n\t\t\t\t\t\t\t\t\t<h3><strong>What is alternative dispute resolution?<\/strong><\/h3><p>Alternative dispute resolution is the possibility that all consumers have at their disposal to turn to official organisations to help them resolve or steer a conflict before opening litigation in the courts.<br \/>As a general rule, the procedure is as follows: the customer asks an impartial third party to act as an intermediary between them and the trader who is the subject of their complaint. The intermediary can suggest a solution to your complaint, impose a solution on both parties or bring the parties together to find a solution.<br \/>You may know the concept of alternative dispute resolution by another name: \u2018mediation\u2019, \u2018conciliation\u2019, \u2018arbitration\u2019 or \u2018competent commission in the field of consumer disputes\u2019.<br \/>Alternative dispute resolution is generally less expensive, less formalised and quicker than the judicial route.<\/p>\t\t\t\t\t\t\t\t<\/div>\n\t\t\t\t<div class=\"elementor-element elementor-element-b5b25ce elementor-widget elementor-widget-text-editor\" data-id=\"b5b25ce\" data-element_type=\"widget\" data-e-type=\"widget\" data-widget_type=\"text-editor.default\">\n\t\t\t\t\t\t\t\t\t<div class=\"elementor-element elementor-element-98afd0b elementor-widget elementor-widget-text-editor\" data-id=\"98afd0b\" data-element_type=\"widget\" data-widget_type=\"text-editor.default\"><div class=\"elementor-widget-container\"><div class=\"elementor-text-editor elementor-clearfix\"><p>In the event of a consumer dispute, the consumer can have recourse to the following\u00a0<strong>alternative dispute resolution entities<\/strong>:<\/p><\/div><\/div><\/div><div class=\"elementor-element elementor-element-dbfbaa7 elementor-widget elementor-widget-text-editor\" data-id=\"dbfbaa7\" data-element_type=\"widget\" data-widget_type=\"text-editor.default\"><div class=\"elementor-widget-container\"><div class=\"elementor-text-editor elementor-clearfix\"><p><strong>CNIACC - National Consumer Conflict Information and Arbitration Centre<\/strong><br \/><a href=\"http:\/\/www.cniacc.pt\/pt\/\" target=\"_blank\" rel=\"noopener\">http:\/\/www.cniacc.pt\/pt\/<\/a><\/p><p><strong>CACCL - Lisbon Consumer Conflict Arbitration Centre<\/strong><br \/><a href=\"http:\/\/www.centroarbitragemlisboa.pt\/\" target=\"_blank\" rel=\"noopener\">http:\/\/www.centroarbitragemlisboa.pt\/<\/a><\/p><p><strong>CACCVA - Consumer Conflict Arbitration Centre of the Ave Valley\/Arbitral Tribunal<\/strong><br \/><a href=\"http:\/\/www.triave.pt\/\" target=\"_blank\" rel=\"noopener\">http:\/\/www.triave.pt\/<\/a><\/p><p><strong>CICAP - Porto Consumer Information and Arbitration Centre (Consumer Arbitration Court)<\/strong><br \/><a href=\"http:\/\/www.cicap.pt\/\" target=\"_blank\" rel=\"noopener\">http:\/\/www.cicap.pt\/<\/a><\/p><p><strong>CIMAAL - Algarve Consumer Conflict Information, Mediation and Arbitration Centre<\/strong><br \/><a href=\"http:\/\/www.ciab.pt\/pt\/\" target=\"_blank\" rel=\"noopener\">http:\/\/www.ciab.pt\/pt\/<\/a><\/p><p><strong>CIAB - Consumer Information, Mediation and Arbitration Centre (Consumer Arbitration Court)<\/strong><br \/><a href=\"http:\/\/www.ciab.pt\/pt\/\" target=\"_blank\" rel=\"noopener\">http:\/\/www.ciab.pt\/pt\/<\/a><\/p><p><strong>CIMPAS - Insurance Information, Mediation and Ombudsman Centre<\/strong><br \/><a href=\"https:\/\/www.cimpas.pt\/\" target=\"_blank\" rel=\"noopener\">https:\/\/www.cimpas.pt\/<\/a><\/p><\/div><\/div><\/div>\t\t\t\t\t\t\t\t<\/div>\n\t\t\t\t<div class=\"elementor-element elementor-element-4569cfa elementor-widget elementor-widget-text-editor\" data-id=\"4569cfa\" data-element_type=\"widget\" data-e-type=\"widget\" data-widget_type=\"text-editor.default\">\n\t\t\t\t\t\t\t\t\t<p><strong>According to Law no. 144\/2015 for dispute resolution consult:<\/strong><br \/>CNIACC - Telephone: 21 384 7484<br \/>E-mail:\u00a0<span id=\"cloak47527\"><a href=\"mailto:cniacc@fd.unl.pt\">cniacc@fd.unl.pt<\/a><\/span>\u00a0Website: www.arbitragemdeconsumo.org<\/p>\t\t\t\t\t\t\t\t<\/div>\n\t\t\t\t\t<\/div>\n\t\t\t\t<\/div>\n\t\t\t\t<\/div>","protected":false},"excerpt":{"rendered":"<p>Resolu\u00e7\u00e3o de lit\u00edgios online Resolu\u00e7\u00e3o de lit\u00edgios online A Uni\u00e3o Europeia criou um site para apoiar os consumidores a apresentarem as suas reclama\u00e7\u00f5es sobre qualquer lit\u00edgio em que estejam envolvidos. Neste \u00e2mbito disponibilizamos toda a informa\u00e7\u00e3o para que possa exercer o seu direito de reclama\u00e7\u00e3o junto de uma entidade oficial, terceira e imparcial ao processo [&hellip;]<\/p>\n","protected":false},"author":1,"featured_media":0,"parent":0,"menu_order":0,"comment_status":"closed","ping_status":"closed","template":"elementor_header_footer","meta":{"footnotes":""},"class_list":["post-92","page","type-page","status-publish","hentry"],"_links":{"self":[{"href":"https:\/\/drpedrocoelho.com\/en\/wp-json\/wp\/v2\/pages\/92","targetHints":{"allow":["GET"]}}],"collection":[{"href":"https:\/\/drpedrocoelho.com\/en\/wp-json\/wp\/v2\/pages"}],"about":[{"href":"https:\/\/drpedrocoelho.com\/en\/wp-json\/wp\/v2\/types\/page"}],"author":[{"embeddable":true,"href":"https:\/\/drpedrocoelho.com\/en\/wp-json\/wp\/v2\/users\/1"}],"replies":[{"embeddable":true,"href":"https:\/\/drpedrocoelho.com\/en\/wp-json\/wp\/v2\/comments?post=92"}],"version-history":[{"count":0,"href":"https:\/\/drpedrocoelho.com\/en\/wp-json\/wp\/v2\/pages\/92\/revisions"}],"wp:attachment":[{"href":"https:\/\/drpedrocoelho.com\/en\/wp-json\/wp\/v2\/media?parent=92"}],"curies":[{"name":"wp","href":"https:\/\/api.w.org\/{rel}","templated":true}]}}